{"id":1107,"date":"2020-07-13T11:21:39","date_gmt":"2020-07-13T03:21:39","guid":{"rendered":"https:\/\/www.fst.um.edu.mo\/personal\/?page_id=1107"},"modified":"2024-11-06T08:09:06","modified_gmt":"2024-11-06T00:09:06","slug":"vcristino","status":"publish","type":"page","link":"https:\/\/www.fst.um.edu.mo\/personal\/vcristino\/","title":{"rendered":"Valentino Anok Melo CRISTINO"},"content":{"rendered":"\t\t<div data-elementor-type=\"wp-page\" data-elementor-id=\"1107\" class=\"elementor elementor-1107\" data-elementor-post-type=\"page\">\n\t\t\t\t\t\t<section data-particle_enable=\"false\" data-particle-mobile-disabled=\"false\" class=\"elementor-section elementor-top-section elementor-element elementor-element-dfce0af elementor-section-boxed elementor-section-height-default elementor-section-height-default\" data-id=\"dfce0af\" data-element_type=\"section\">\n\t\t\t\t\t\t<div class=\"elementor-container elementor-column-gap-default\">\n\t\t\t\t\t<div class=\"elementor-column elementor-col-100 elementor-top-column elementor-element elementor-element-cc33074\" data-id=\"cc33074\" data-element_type=\"column\">\n\t\t\t<div class=\"elementor-widget-wrap elementor-element-populated\">\n\t\t\t\t\t\t<div class=\"elementor-element elementor-element-54a7948 elementor-widget elementor-widget-text-editor\" data-id=\"54a7948\" data-element_type=\"widget\" data-widget_type=\"text-editor.default\">\n\t\t\t\t<div class=\"elementor-widget-container\">\n\t\t\t\t\t\t\t\t\t<p><\/p>\n<table width=\"100%\" cellspacing=\"0\" cellpadding=\"3\">\n<tbody>\n<tr>\n<td style=\"border-style: none\" valign=\"top\"><span style=\"font-family: arial, helvetica, sans-serif\"><img decoding=\"async\" src=\"\/image\/staff-photo\/vcristino.jpg\"><\/span><\/td>\n<td style=\"border-style: none\" valign=\"BOTTOM\"><span style=\"font-family: arial, helvetica, sans-serif\">Valentino Anok Melo CRISTINO\u7d00\u5929\u9f8d<\/span><br><span style=\"font-family: arial, helvetica, sans-serif\">Assistant Professor<\/span><\/td>\n<\/tr>\n<\/tbody>\n<\/table>\n<hr size=\"1\" width=\"100%\">\n<h3><span style=\"font-family: arial, helvetica, sans-serif\">Academic Qualification<\/span><\/h3>\n<ul>\n<li><span style=\"font-family: arial, helvetica, sans-serif\">Ph.D in Mechanical Engineering , Instituto Superior Tcnico, Lisbon, Portugal (2012)<\/span><\/li>\n<li><span style=\"font-family: arial, helvetica, sans-serif\">M.Sc. in Mechanical Engineering , Instituto Superior Tcnico, Lisbon, Portugal (2007)<\/span><\/li>\n<li><span style=\"font-family: arial, helvetica, sans-serif\">B.Sc in Mechanical Engineering , Instituto Superior Tcnico, Lisbon, Portugal (2004)<\/span><\/li>\n<\/ul>\n<hr size=\"1\" width=\"100%\">\n<h3><span style=\"font-family: arial, helvetica, sans-serif\">Research<\/span><\/h3>\n<h4><span style=\"font-family: arial, helvetica, sans-serif\">Research Interests<\/span><\/h4>\n<ul>\n<li><span style=\"font-family: arial, helvetica, sans-serif\">Additive manufacturing<\/span><\/li>\n<li><span style=\"font-family: arial, helvetica, sans-serif\">Metal Forming<\/span><\/li>\n<li><span style=\"font-family: arial, helvetica, sans-serif\">Metal Cutting<\/span><\/li>\n<li><span style=\"font-family: arial, helvetica, sans-serif\">Material Characterization<\/span><\/li>\n<li><span style=\"font-family: arial, helvetica, sans-serif\">Manufacturing<\/span><\/li>\n<li><span style=\"font-family: arial, helvetica, sans-serif\">Expermentation<\/span><\/li>\n<\/ul>\n<hr size=\"1\" width=\"100%\">\n<h3><span style=\"font-family: arial, helvetica, sans-serif\">Selected Publications<\/span><\/h3>\n<h4><span style=\"font-family: arial, helvetica, sans-serif\">Refereed Journal Papers&nbsp;<\/span><\/h4>\n<ul>\n<li><span lang=\"PT\" style=\"font-size: 12pt;font-family: arial, helvetica, sans-serif\"><span lang=\"PT\" style=\"font-size: 12pt\"><span style=\"font-size: 12pt\"><span style=\"font-size: 12pt\"><span style=\"font-size: 12pt\">Liu K., Chen X.M., Tam L.M., Lo K.H., Wang H.Z, Cristino V.A.M. and Kwok C.T., Combined influence of traverse and rotation speeds in friction stir processing of AlSi10Mg alloy produced by laser-powder bed fusion, <i>Materials Chemistry and Physics<\/i>, 323, 2024.<\/span><\/span><\/span><\/span><\/span><\/li>\n<li><span lang=\"PT\" style=\"font-size: 12pt;font-family: arial, helvetica, sans-serif\"><span lang=\"PT\" style=\"font-size: 12pt\"><span style=\"font-size: 12pt\"><span style=\"font-size: 12pt\">Wei Q.L., Tang Z.J., Wang A., Guo L.P., Yang H.H.,&nbsp;Wu Y., Cristino V.A.M., Kwok C.T., Wang H.W. and Wang H.Z., Transient&nbsp;and steady models for blue laser directed energy deposition, <i>Journal of&nbsp;Materials Processing Technology<\/i>, 325, 118292, 2024.<\/span><\/span><\/span><\/span><\/li>\n<li><span lang=\"PT\" style=\"font-size: 12pt;font-family: arial, helvetica, sans-serif\"><span lang=\"PT\" style=\"font-size: 12pt\"><span style=\"font-size: 12pt\">Wang F., Yuan T., Li R., Lin S., Niu P. and Cristino V., Effect of Mo on the morphology, microstructure and&nbsp;mechanical properties of NbTa0.5TiMox refractory high entropy alloy fabricated&nbsp;by laser powder bed fusion using elemental mixed powders, <i>International&nbsp;Journal of Refractory Metals &amp; Hard Materials<\/i>, 111, 106107, 2023.<\/span><\/span><\/span><\/li>\n<li><span lang=\"PT\" style=\"font-size: 12pt;font-family: arial, helvetica, sans-serif\"><span lang=\"PT\" style=\"font-size: 12pt\">Qiao Q., Tam L. M.,Cristino V.A.M. and Kwok C.T.,&nbsp;<\/span><span style=\"font-size: 12pt\">Surface hardness and corrosion behavior of laser surface-alloyed Ti6Al4V with copper, <i>Surface<br>and Coatings Technology<\/i>, 444,128663, 2022 (SCIE)<\/span><\/span><\/li>\n<li><span style=\"font-family: arial, helvetica, sans-serif\"><span lang=\"PT\" style=\"font-size: 12pt\">Cristino V.A.M., PraganaJ.P.M., Bragan\u00e7a I.M.F., Silva C.M.A. and Martins P.A.F.,&nbsp;<\/span><span style=\"font-size: 12pt\">Hybrid Manufacturing of Stiffening Grooves in Additive Deposited Thin<br>Parts, <i>Journal of Manufacturing and Materials Processing<\/i>, 5(4), 140.<\/span><\/span><\/li>\n<li><span style=\"font-size: 12pt;font-family: arial, helvetica, sans-serif\">Cristino V.A., Magrinho J.P., Centeno G., Silva M.B. and Martins, P.A.F., A digital image correlation based methodology to characterize formability in tube forming,&nbsp;<em style=\"color: var( --e-global-color-text );font-weight: var( --e-global-typography-text-font-weight );font-size: 18px\">Journal of&nbsp;Strain Analysis for Engineering Design,<\/em><span style=\"color: var( --e-global-color-text );font-weight: var( --e-global-typography-text-font-weight );font-size: 18px\">&nbsp;2019 (SCIE).<\/span><i style=\"color: var( --e-global-color-text );font-weight: var( --e-global-typography-text-font-weight );font-size: 18px\">&nbsp;<\/i><span style=\"color: var( --e-global-color-text );font-weight: var( --e-global-typography-text-font-weight );font-size: 18px\">&nbsp;<\/span><br><\/span><\/li>\n<li><span style=\"font-family: arial, helvetica, sans-serif;font-size: 12pt\"><span style=\"color: var( --e-global-color-text );font-weight: var( --e-global-typography-text-font-weight )\">Cristino V.A.M., Silva M.B., Pak Kin Wong and Martins, P.A.F, Determining the fracture forming limits in sheet metal forming: a technical note, <\/span><em style=\"color: var( --e-global-color-text );font-weight: var( --e-global-typography-text-font-weight )\">Journal of Strain Analysis for Engineering Design<\/em><span style=\"color: var( --e-global-color-text );font-weight: var( --e-global-typography-text-font-weight )\">, 52 (8), 467-471, 2017 (SCI).<\/span><\/span><\/li>\n<li><span style=\"color: var( --e-global-color-text );font-family: arial, helvetica, sans-serif;font-weight: var( --e-global-typography-text-font-weight );font-size: 12pt\">Cristino V.A.M., Montanari L., Silva M.B. and Martins P.A.F., Towards asymmetric hole-flanging produced by single point incremental forming, J Materials: Design and Applications Proc IMechE Part L, 229(5), 380-388, 2015.<\/span><\/li>\n<li><span style=\"font-family: arial, helvetica, sans-serif;font-size: 12pt\">Cristino V.A.M., Montanari L., Silva M.B., Atkins A.G. and Martins P.A.F., Fracture in hole-flanging produced by single point incremental forming, International Journal of Mechanical Sciences, 83, 146-154, 2014.<\/span><\/li>\n<li><span style=\"font-family: arial, helvetica, sans-serif;font-size: 12pt\">Montanari L., Cristino V.A.M., Silva M.B. and Martins P.A.F., A new approach for deformation history of material elements in hole-flanging produced by single point incremental forming, Int. Journal of Advanced Manufacturing Technologies, 69, 1175-1183, 2013.<\/span><\/li>\n<li><span style=\"font-family: arial, helvetica, sans-serif;font-size: 12pt\">Montanari L., Cristino V.A.M., Silva M.B. and Martins P.A.F., On the relative performance of hole-flanging by incremental sheet forming and conventional press working, Proc. IMechE Part L: Journal of Materials: Design and Applications, 228(4), 312-322, 2014.<\/span><\/li>\n<li><span style=\"font-family: arial, helvetica, sans-serif;font-size: 12pt\">Centeno G., Silva M.B., Cristino V.A.M., Vallellano C. and Martins P.A.F., Hole-flanging by incremental sheet forming, International Journal of Machine Tools and Manufacture, 59, 46-54, 2012.<\/span><\/li>\n<li><span style=\"font-family: arial, helvetica, sans-serif;font-size: 12pt\">Cristino V.A.M., Rosa P.A.R. and Martins P.A.F., Revisting the calibration of friction in metal cutting, Tribology Transactions, 55, 2012.<\/span><\/li>\n<li><span style=\"font-family: arial, helvetica, sans-serif;font-size: 12pt\">Cristino V.A.M., Rosa P.A.R. and Martins P.A.F., The role of interfaces in the evolution of friction by ring compression test, Experimental Techniques, 2012.<\/span><\/li>\n<li><span style=\"font-family: arial, helvetica, sans-serif;font-size: 12pt\">Cristino V.A.M., Rosa P.A.R. and Martins P.A.F., Surface roughness and material strength of tribo-pairs in ring compression tests, Tribology International, 44(2), 134-143, 2010.<\/span><\/li>\n<li><span style=\"font-family: arial, helvetica, sans-serif;font-size: 12pt\">Cristino V.A.M., Rosa P.A.R. and Martins P.A.F., Cutting under active and inert gas shields: A contribution to the mechanics of chip flow, International Journal of Machine tools and Manufacture, 50, 892-900, 2010.<\/span><\/li>\n<li><span style=\"font-family: arial, helvetica, sans-serif;font-size: 12pt\">Rosa P.A.R., Cristino V.A.M., Silva C.M.A. and Martins P.A.F., On the fundamentals of orthogonal metal cutting, Journal of Machining and Forming Technologies, 50, 892-900, 2010.<\/span><\/li>\n<\/ul>\n<h4><span style=\"font-family: arial, helvetica, sans-serif\">Conferences Papers<\/span><\/h4>\n<ul>\n<li><span style=\"font-family: arial, helvetica, sans-serif;font-size: 12pt\"><span lang=\"PT\" style=\"font-size:12.0pt;,sans-serif\">Cristino V.A.M., Pragana&nbsp;J.P.M., Bragan\u00e7a I.M.F., Silva C.M.A., Martins P.A.F.,<\/span><span lang=\"PT\" style=\"font-size:12.0pt;,sans-serif\">&nbsp;<\/span><span style=\"font-size:12.0pt;,sans-serif\">Groove stiffening of&nbsp;sheets by single point incremental forming, EM2022: 1<sup>st<\/sup> International&nbsp;Conference on Engineering Manufacture<\/span><span style=\"font-size:12.0pt;,sans-serif\">,&nbsp;Porto, Portugal, 2022.<\/span><\/span><\/li>\n<li><span style=\"font-family: arial, helvetica, sans-serif;font-size: 12pt\">Cristino V.A.M., Pak Kin Wong, Lap Mou Tam, Zhixin Yang, Silva M.B. and Martins, P.A.F, Comparative Analysis of Cylindrical and Square Hole-flanging by Incremental Sheet Forming, Materiais 2015: VII International Materials Symposium, Faculdade de Engenharia da Universidade do Porto, Porto, Portugal, 2015.<\/span><\/li>\n<li><span style=\"font-family: arial, helvetica, sans-serif;font-size: 12pt\">Silva C.M.A., Cristino V.A. M., Rosa P.A.R. and Martins P.A.F., Modela\u00e7\u00e3o Te\u00f3rica e Experimental da Fractura D\u00factil em Modo II, CIBEM 2011 &#8211; 10\u00ba Congresso Iberoamericano de Engenharia Mec\u00e2nica, Porto, Portugal, 2011.<\/span><\/li>\n<li><span style=\"font-family: arial, helvetica, sans-serif;font-size: 12pt\">Cristino V.A.M., Silva C.M.A., Rosa P.A.R. and Martins P.A.F., Efeito dos Filmes Finos de \u00d3xidos no Coeficiente de Atrito, CIBEM 2011 &#8211; 10\u00ba Congresso Iberoamericano de Engenharia Mec\u00e2nica, Porto, Portugal, 2011.<\/span><\/li>\n<li><span style=\"font-family: arial, helvetica, sans-serif;font-size: 12pt\">Rosa P.A.R., Cristino V.A.M., Silva C.M.A. and Martins P.A.F., Input Data for the Numerical Simulation of Metal Cutting, <em>CIRP (The International Academy for Production Engineering \/ Coll\u00e8ge International pour la Recherche en Productique)<\/em>, Sintra, Portugal, 2011.<\/span><\/li>\n<li><span style=\"font-family: arial, helvetica, sans-serif;font-size: 12pt\">Cristino V.A. M., Silva C.M.A., Rosa P.A.R. and Martins P.A.F., An\u00e1lise do ensaio de pino-no-disco na quantifica\u00e7\u00e3o do atrito no corte ortogonal, <em>6\u00ba Congresso Brasileiro de Engenharia de Fabrica\u00e7\u00e3o<\/em>, Caxias do Sul (RGS), Brazil, 2011.<\/span><\/li>\n<li><span style=\"font-family: arial, helvetica, sans-serif;font-size: 12pt\">Cristino V.A.M., Silva C.M.A., Rosa P.A.R. and Martins P.A.F., Influ\u00eancia do meio envolvente no mecanismo de escoamento da apara, <em>6\u00ba Congresso Brasileiro de Engenharia de Fabrica\u00e7\u00e3o<\/em>, Caxias do Sul (RGS), Brazil, 2011.<\/span><\/li>\n<li><span style=\"font-family: arial, helvetica, sans-serif;font-size: 12pt\">Cristino V.A.M., Silva C.M.A., Rosa P.A.R. and Martins P.A.F., Avalia\u00e7\u00e3o do coeficiente de atrito no corte ortogonal atrav\u00e9s do ensaio de pino-no-disco, <em>8\u00ba Congresso Nacional de Mec\u00e2nica Experimental<\/em>, Universidade do Minho, Guimar\u00e3es, Portugal, 2010.<\/span><\/li>\n<li><span style=\"font-family: arial, helvetica, sans-serif;font-size: 12pt\">Silva C.M.A., Cristino V.A.M., Rosa P.A.R. and Martins P.A.F., Principais par\u00e2metros de entrada para a modela\u00e7\u00e3o num\u00e9rica do corte ortogonal, <em>8\u00ba Congresso Nacional de Mec\u00e2nica Experimental<\/em>, Universidade do Minho, Guimar\u00e3es, Portugal, 2010.<\/span><\/li>\n<li><span style=\"font-family: arial, helvetica, sans-serif;font-size: 12pt\">Cristino V.A.M., Rosa P.A.R. and Martins P.A.F., Modela\u00e7\u00e3o Experimental da Condi\u00e7\u00e3o Tribol\u00f3gica no Corte Ortogonal, <em>5\u00ba Congresso Brasileiro de Engenharia de Fabrica\u00e7\u00e3o<\/em>, Belo Horizonte-MG, Brazil, 2009.<\/span><\/li>\n<li><span style=\"font-family: arial, helvetica, sans-serif;font-size: 12pt\">Cristino V.A.M., Rosa P.A.R. and Martins P.A.F., Avalia\u00e7\u00e3o Experimental da Condi\u00e7\u00e3o Tribol\u00f3gica no Corte Ortogonal, <em>7\u00ba Congresso Nacional de Mec\u00e2nica Experimental<\/em>, Universidade de Tr\u00e1s-os-Montes e Alto Douro, Vila Real, Portugal, 2008.<\/span><\/li>\n<\/ul>\n<h4><span style=\"font-family: arial, helvetica, sans-serif\">Book<\/span><\/h4>\n<ul>\n<li><span style=\"font-family: arial, helvetica, sans-serif;font-size: 12pt\">Cristino V.A.M. and Martins P.A.F., <em>Tecnologia Mec\u00e2nica \u2013 Tecnologias de Deforma\u00e7\u00e3o Pl\u00e1stica e Corte volume 4: T\u00e9cnicas de Laborat\u00f3rio<\/em>, Escolar Editora, Portugal, 2013.<\/span><\/li>\n<\/ul>\n<h4><span style=\"font-family: arial, helvetica, sans-serif\">Book chapters<\/span><\/h4>\n<ul>\n<li><span style=\"font-family: arial, helvetica, sans-serif;font-size: 12pt\">Silva C.M.A., Cristino V.A.M., Rosa P.A.R. and Martins P.A.F., Cutting under gas shields: Phenomenological concepts versus industrial applications, <em>Traditional Machining processes \u2013 Research advances<\/em>, Springer, 2015.<\/span><\/li>\n<li><span style=\"font-family: arial, helvetica, sans-serif;font-size: 12pt\">Montanari L., Cristino V.A.M., Silva M.B. and Martins P.A.F., Formability and Simulative Tests in Modern Sheet Metal Forming Education, <em>Modern Mechanical Engineering<\/em>, Springer, 2014.<\/span><\/li>\n<li><span style=\"font-family: arial, helvetica, sans-serif;font-size: 12pt\">Cristino V.A.M., Rosa P.A.R. and Martins P.A.F., Chapter 23: Tribology in Metal Cutting, <em>Tribology for Scientist and Engineers: From Basics to Advanced<\/em> <em>Concepts<\/em>, Springer, 2013.<\/span><\/li>\n<\/ul>\n<hr size=\"1\" width=\"100%\">\n<h3><span style=\"font-family: arial, helvetica, sans-serif\">Contact Details<\/span><\/h3>\n<p><span style=\"font-family: arial, helvetica, sans-serif;font-size: 12pt\">Faculty of Science and Technology <\/span><br><span style=\"font-family: arial, helvetica, sans-serif;font-size: 12pt\">University of Macau, E11 <\/span><br><span style=\"font-family: arial, helvetica, sans-serif;font-size: 12pt\">Avenida da Universidade, Taipa, <\/span><br><span style=\"font-family: arial, helvetica, sans-serif;font-size: 12pt\">Macau, China<\/span><\/p>\n<p><span style=\"font-family: arial, helvetica, sans-serif;font-size: 12pt\">Room: E11-4070 <\/span><br><span style=\"font-family: arial, helvetica, sans-serif;font-size: 12pt\">Telephone: (853) 8822-4891<\/span><br><span style=\"font-family: arial, helvetica, sans-serif;font-size: 12pt\">Fax: (853) 8822-2426 <\/span><br><span style=\"font-family: arial, helvetica, sans-serif\"><span style=\"font-size: 12pt\">Email: vcristino<\/span><img decoding=\"async\" src=\"\/image\/um.edu.mo.png\" align=\"absbottom\" border=\"0\"><\/span><\/p>\t\t\t\t\t\t\t\t<\/div>\n\t\t\t\t<\/div>\n\t\t\t\t\t<\/div>\n\t\t<\/div>\n\t\t\t\t\t<\/div>\n\t\t<\/section>\n\t\t\t\t<\/div>\n\t\t","protected":false},"excerpt":{"rendered":"<p>Valentino Anok Melo CRISTINO\u7d00\u5929\u9f8dAssistant Professor Academic Qualification Ph.D in Mechanical Engineering , Instituto Superior Tcnico, Lisbon, Portugal (2012) M.Sc. in Mechanical Engineering , Instituto Superior Tcnico, Lisbon, Portugal (2007) B.Sc in Mechanical Engineering , Instituto Superior Tcnico, Lisbon, Portugal (2004) Research Research Interests Additive manufacturing Metal Forming Metal Cutting Material Characterization Manufacturing Expermentation Selected Publications &hellip; <\/p>\n<p class=\"link-more\"><a href=\"https:\/\/www.fst.um.edu.mo\/personal\/vcristino\/\" class=\"more-link\">Continue reading<span class=\"screen-reader-text\"> &#8220;Valentino Anok Melo CRISTINO&#8221;<\/span><\/a><\/p>\n","protected":false},"author":93,"featured_media":0,"parent":0,"menu_order":0,"comment_status":"closed","ping_status":"closed","template":"elementor_canvas","meta":{"footnotes":"","_links_to":"","_links_to_target":""},"class_list":["post-1107","page","type-page","status-publish","hentry","entry"],"_links":{"self":[{"href":"https:\/\/www.fst.um.edu.mo\/personal\/wp-json\/wp\/v2\/pages\/1107","targetHints":{"allow":["GET"]}}],"collection":[{"href":"https:\/\/www.fst.um.edu.mo\/personal\/wp-json\/wp\/v2\/pages"}],"about":[{"href":"https:\/\/www.fst.um.edu.mo\/personal\/wp-json\/wp\/v2\/types\/page"}],"author":[{"embeddable":true,"href":"https:\/\/www.fst.um.edu.mo\/personal\/wp-json\/wp\/v2\/users\/93"}],"replies":[{"embeddable":true,"href":"https:\/\/www.fst.um.edu.mo\/personal\/wp-json\/wp\/v2\/comments?post=1107"}],"version-history":[{"count":15,"href":"https:\/\/www.fst.um.edu.mo\/personal\/wp-json\/wp\/v2\/pages\/1107\/revisions"}],"predecessor-version":[{"id":46596,"href":"https:\/\/www.fst.um.edu.mo\/personal\/wp-json\/wp\/v2\/pages\/1107\/revisions\/46596"}],"wp:attachment":[{"href":"https:\/\/www.fst.um.edu.mo\/personal\/wp-json\/wp\/v2\/media?parent=1107"}],"curies":[{"name":"wp","href":"https:\/\/api.w.org\/{rel}","templated":true}]}}