{"id":1215,"date":"2020-07-13T11:44:11","date_gmt":"2020-07-13T03:44:11","guid":{"rendered":"https:\/\/www.fst.um.edu.mo\/personal\/?page_id=1215"},"modified":"2021-07-19T11:40:25","modified_gmt":"2021-07-19T03:40:25","slug":"imwan","status":"publish","type":"page","link":"https:\/\/www.fst.um.edu.mo\/personal\/imwan\/","title":{"rendered":"Iat Meng WAN"},"content":{"rendered":"\t\t<div data-elementor-type=\"wp-page\" data-elementor-id=\"1215\" class=\"elementor elementor-1215\" data-elementor-post-type=\"page\">\n\t\t\t\t\t\t<section data-particle_enable=\"false\" data-particle-mobile-disabled=\"false\" class=\"elementor-section elementor-top-section elementor-element elementor-element-3146d46 elementor-section-boxed elementor-section-height-default elementor-section-height-default\" data-id=\"3146d46\" data-element_type=\"section\">\n\t\t\t\t\t\t<div class=\"elementor-container elementor-column-gap-default\">\n\t\t\t\t\t<div class=\"elementor-column elementor-col-100 elementor-top-column elementor-element elementor-element-525794f\" data-id=\"525794f\" data-element_type=\"column\">\n\t\t\t<div class=\"elementor-widget-wrap elementor-element-populated\">\n\t\t\t\t\t\t<div class=\"elementor-element elementor-element-daed217 elementor-widget elementor-widget-text-editor\" data-id=\"daed217\" data-element_type=\"widget\" data-widget_type=\"text-editor.default\">\n\t\t\t\t<div class=\"elementor-widget-container\">\n\t\t\t\t\t\t\t\t\t<table width=\"100%\" cellspacing=\"0\" cellpadding=\"3\">\n<tbody>\n<tr>\n<td class=\"staffphoto\" style=\"border-style: none;\" valign=\"top\"><img decoding=\"async\" src=\"\/image\/staff-photo\/fstimw.jpg\"><\/td>\n<td style=\"border-style: none;\" valign=\"BOTTOM\"><span class=\"staffname\">Iat Meng WAN, Walter<\/span><span class=\"staffchinesename\">\u6eab\u65e5\u660e<\/span><br><span class=\"stafftitle\">Senior Instructor<\/span><\/td>\n<\/tr>\n<\/tbody>\n<\/table>\n<hr size=\"1\" width=\"100%\">\n<p><a name=\"acadqual\"><\/a><\/p>\n<h3>Academic Qualification<\/h3>\n<p><a name=\"acadqual\"><\/a><\/p>\n<ul>\n<li>Advanced Masters In Structural Analysis of Monuments and Historical Constructions (<a href=\"http:\/\/www.msc-sahc.org\/\">SAHC<\/a>), awarded by <a href=\"http:\/\/www.uminho.pt\/\">University of Minho<\/a>, Portugal and <a href=\"http:\/\/www.cvut.cz\/en?set_language=en\">Czech Technical University in Prague<\/a>, Czech Republic (2008)<\/li>\n<li>M.Phil. in Civil Engineering, <a href=\"http:\/\/www.hku.hk\/\">University of Hong Kong<\/a> (1998)<\/li>\n<li>B.Sc. in Civil Engineering, University of Macau (1993)<\/li>\n<\/ul>\n<hr size=\"1\" width=\"100%\">\n<p><a name=\"experience\"><\/a><\/p>\n<h3>Working Experience<\/h3>\n<p><a name=\"experience\"><\/a><\/p>\n<ul>\n<li>Lecturer, University of Macau (1999 &#8211; now)<\/li>\n<li>Teaching Assistant, University of Macau (1996 1999)<\/li>\n<li>Teaching Assistant, University of Hong Kong (1994 1996)<\/li>\n<li>Research Assistant, University of Hong Kong (1993 1994)<\/li>\n<\/ul>\n<hr size=\"1\" width=\"100%\">\n<p><a name=\"teaching\"><\/a><\/p>\n<h3>Teaching<\/h3>\n<p><a name=\"teaching\"><\/a><\/p>\n<h4 class=\"H4\">B.Sc. Courses (*current)<\/h4>\n<ol>\n<li>Technical Drawing I (DRWG100)*<\/li>\n<li>Mechanics I (CIVL110)<\/li>\n<li>Engineering Geology (CIVL201)*<\/li>\n<li>Soil Mechanics I (CIVL351)<\/li>\n<li>Traffic Engineering (CIVL447)*<\/li>\n<li>Transportation Planning and Public Transport System (CIVL459)*<\/li>\n<li>Introduction to Soil Improvement (CIVL487)*<\/li>\n<\/ol>\n<h4 class=\"H4\">B.Sc. Final Year Project Supervision<\/h4>\n<ul>\n<li>CHENG Ha Un &#8220;Macau Road Capacity Analysis&#8221; (completed in 2009)<\/li>\n<li>PAO Chi Seng, PO Chi Wah, UN Chi Ho, KUOK Chi Hong, CHAN Fun Kun &#8220;Preliminary Analysis of Urban Transportation Sustainability of Macao in relationship to Light Rapid Transit System&#8221; (completed in 2009)<\/li>\n<li>SERGO Choi da Silva &#8220;Engineering properties of soil cement mixture&#8221; (completed in 2007)<\/li>\n<li>LIU Sai Kuan &#8220;Engineering properties of soil and plastic waste mixtures&#8221; (completed in 2004)<\/li>\n<\/ul>\n<h4 class=\"H4\">Master of Science Thesis Supervision<\/h4>\n<ul>\n<li>TOU Ka Man &#8220;Thermal Insulation Properties of Rubber Tire Concrete&#8221; (completed in 2007) (Co-supervisor)<\/li>\n<\/ul>\n<hr size=\"1\" width=\"100%\">\n<p><a name=\"research\"><\/a><\/p>\n<h3>Research<\/h3>\n<p><a name=\"research\"><\/a><\/p>\n<h4>Research Interests<\/h4>\n<ul>\n<li>Urban Travel Demand Analysis and Household Travel Demand Study<\/li>\n<li>Transportation Planning for Public Transport System<\/li>\n<li>Engineering Approach for Heritage Conservation<\/li>\n<li>Solid Waste Management<\/li>\n<\/ul>\n<h4 class=\"H4\">Recent Research Projects<\/h4>\n<p><strong><em>External Projects<\/em><\/strong><\/p>\n<ul>\n<li><strong>Household<\/strong><strong> Travel Demand Study<\/strong>, funded by Direc\u00e7\u00e3o dos Servi\u00e7os para os Assuntos de Tr\u00e1fego (<a href=\"http:\/\/www.dsat.gov.mo\/\">D.S.A.T.<\/a>), Macao Government<\/li>\n<li><strong>Road<\/strong><strong> Network Analysis of Macao: An Assessment of Road Capacity, <\/strong>funded by Direc\u00e7\u00e3o dos Servi\u00e7os para os Assuntos de Tr\u00e1fego <a href=\"http:\/\/www.dsat.gov.mo\/\">(D.S.A.T<\/a>.), Macao Government<\/li>\n<\/ul>\n<p><strong><em>Internal Projects<\/em><\/strong><\/p>\n<ul>\n<li><strong>Study of Recycling of Rubber-tire as Concrete Aggregates<\/strong>, funded by The Research Committee of University of Macau<\/li>\n<\/ul>\n<hr size=\"1\" width=\"100%\">\n<p><a name=\"awards\"><\/a><\/p>\n<h3>Awards<\/h3>\n<p><a name=\"awards\"><\/a><\/p>\n<ul>\n<li><a href=\"http:\/\/ec.europa.eu\/education\/programmes\/mundus\/projects\/index_en.html\">Erasmus Mundus<\/a> Scholarship, awarded by European Commission (2007\/2008)<\/li>\n<li>Wang GungWu Scholarship, awarded by University of Hong Kong (1996)<\/li>\n<li>Best Paper Award for University Researcher for Fourth International Conference on Re-use of Contaminated Land and Landfills, 2-4 July, London (1996)<\/li>\n<\/ul>\n<hr size=\"1\" width=\"100%\">\n<p><a name=\"publications\"><\/a><\/p>\n<h3>Selected Publications<\/h3>\n<p><a name=\"publications\"><\/a><\/p>\n<h4 class=\"H4\">Publications in Solid Waste Management<\/h4>\n<ol>\n<li>&#8220;Physical Properties of Dewatered Wastewater Sludge for Landfilling&#8221;, <i>Water Science and Technology<\/i>, 1996, 34 (3-4), 533 -540.<\/li>\n<li>&#8220;Geotechnical Aspects of Dewatered Wastewater Sludge of Landfill Disposal&#8221;, <i>Polluted + Marginal Land &#8211; 96 Proceedings<\/i>, Fourth International Conference on Re-use of Contaminated Land and Landfills, 2-4 July, 1996, London (M. C. Forde ed.), Engineering Technics Press, Edinburgh, 295-299.<\/li>\n<li>&#8220;Interrelation between Filtration and Consolidation Characteristics of Wastewater Sludge for Landfilling&#8221;, accepted for presentation in <i>Fourth International Symposium on Environmental Geotechnology and Global Sustainable Development<\/i>, Boston, Massachusetts, USA, 9 -13 August, 1998.<\/li>\n<li>&#8220;A Comparative Study of Solid Waste Management Experience between Hong Kong and Macau&#8221;, accepted for presentation in <i>Third China Association For Science and Technology (CAST) Conference of Young Scientists<\/i>, Beijing, China, 20 -22 August, 1998.<\/li>\n<\/ol>\n<h4 class=\"H4\">Reports in Public Transport System (in Chinese)<\/h4>\n<ol>\n<li>\u201c\u516c\u5171\u5df4\u58eb\u7684\u670d\u52d9\u904b\u4f5c\u6a21\u5f0f\u7814\u7a76\u201d, \u7531\u6fb3\u9580\u7279\u5225\u884c\u653f\u5340\u571f\u5730\u5de5\u52d9\u904b\u8f38\u5c40\u59d4\u6258, 2007<\/li>\n<li>\u201c\u516c\u5171\u5df4\u58eb\u7684\u670d\u52d9\u6539\u5584\u4e4b\u7814\u7a76\u201d, \u7531\u6fb3\u9580\u7279\u5225\u884c\u653f\u5340\u571f\u5730\u5de5\u52d9\u904b\u8f38\u5c40\u59d4\u6258, 2008<\/li>\n<\/ol>\n<hr size=\"1\" width=\"100%\">\n<p><a name=\"contact\"><\/a><\/p>\n<h3>Contact Details<\/h3>\n<p><a name=\"contact\"><\/a><\/p>\n<p>Faculty of Science and Technology <br>University of Macau, E11 <br>Avenida da Universidade, Taipa, <br>Macau, China<\/p>\n<p>Room: E11-3008 <br>Telephone: (853) 8822-4379 <br>Fax: (853) 8822-2426 <br>Email: imwan<img decoding=\"async\" class=\"umemail_image\" src=\"\/image\/um.edu.mo.png\" align=\"absbottom\" border=\"0\"><\/p>\n<p><\/p>\t\t\t\t\t\t\t\t<\/div>\n\t\t\t\t<\/div>\n\t\t\t\t\t<\/div>\n\t\t<\/div>\n\t\t\t\t\t<\/div>\n\t\t<\/section>\n\t\t\t\t<\/div>\n\t\t","protected":false},"excerpt":{"rendered":"<p>Iat Meng WAN, Walter\u6eab\u65e5\u660eSenior Instructor Academic Qualification Advanced Masters In Structural Analysis of Monuments and Historical Constructions (SAHC), awarded by University of Minho, Portugal and Czech Technical University in Prague, Czech Republic (2008) M.Phil. in Civil Engineering, University of Hong Kong (1998) B.Sc. in Civil Engineering, University of Macau (1993) Working Experience Lecturer, University of &hellip; <\/p>\n<p class=\"link-more\"><a href=\"https:\/\/www.fst.um.edu.mo\/personal\/imwan\/\" class=\"more-link\">Continue reading<span class=\"screen-reader-text\"> &#8220;Iat Meng WAN&#8221;<\/span><\/a><\/p>\n","protected":false},"author":135,"featured_media":0,"parent":0,"menu_order":0,"comment_status":"closed","ping_status":"closed","template":"elementor_canvas","meta":{"footnotes":"","_links_to":"","_links_to_target":""},"class_list":["post-1215","page","type-page","status-publish","hentry","entry"],"_links":{"self":[{"href":"https:\/\/www.fst.um.edu.mo\/personal\/wp-json\/wp\/v2\/pages\/1215","targetHints":{"allow":["GET"]}}],"collection":[{"href":"https:\/\/www.fst.um.edu.mo\/personal\/wp-json\/wp\/v2\/pages"}],"about":[{"href":"https:\/\/www.fst.um.edu.mo\/personal\/wp-json\/wp\/v2\/types\/page"}],"author":[{"embeddable":true,"href":"https:\/\/www.fst.um.edu.mo\/personal\/wp-json\/wp\/v2\/users\/135"}],"replies":[{"embeddable":true,"href":"https:\/\/www.fst.um.edu.mo\/personal\/wp-json\/wp\/v2\/comments?post=1215"}],"version-history":[{"count":6,"href":"https:\/\/www.fst.um.edu.mo\/personal\/wp-json\/wp\/v2\/pages\/1215\/revisions"}],"predecessor-version":[{"id":11525,"href":"https:\/\/www.fst.um.edu.mo\/personal\/wp-json\/wp\/v2\/pages\/1215\/revisions\/11525"}],"wp:attachment":[{"href":"https:\/\/www.fst.um.edu.mo\/personal\/wp-json\/wp\/v2\/media?parent=1215"}],"curies":[{"name":"wp","href":"https:\/\/api.w.org\/{rel}","templated":true}]}}